{"id":76,"date":"2023-03-16T14:35:38","date_gmt":"2023-03-16T14:35:38","guid":{"rendered":"https:\/\/gamestaff.de\/?page_id=76"},"modified":"2026-04-03T16:10:41","modified_gmt":"2026-04-03T16:10:41","slug":"startseite","status":"publish","type":"page","link":"https:\/\/gamestaff.de\/","title":{"rendered":"Startseite"},"content":{"rendered":"\n    \n    <section class=\"u-clearfix u-section-2\" id=\"sec-fa6d\">\n      <div class=\"u-clearfix u-sheet u-sheet-1\">\n        <div class=\"fr-view u-align-center u-clearfix u-rich-text u-text u-text-1\">\n          <h1 data-lang-de=\"&lt;span style=&quot;font-weight: 700;&quot;&gt;&lt;span class=&quot;u-text-body-alt-color&quot;&gt;Sample Headline&lt;\/span&gt;&lt;\/span&gt;\" data-lang-en=\"&lt;span style=&quot;font-weight: 700;&quot;&gt;&lt;span class=&quot;u-text-body-alt-color&quot;&gt;Sample Headline&lt;\/span&gt;&lt;\/span&gt;\" style=\"text-align: center;\">\n            <img decoding=\"async\" src=\"https:\/\/gamestaff.de\/wp-content\/uploads\/2026\/04\/WillkommenSBT.png\" style=\"width: 512px;\" class=\"fr-dib fr-fic\" width=\"512\">\n          <\/h1>\n          <p>\n            <img decoding=\"async\" src=\"https:\/\/gamestaff.de\/wp-content\/uploads\/2026\/04\/Gamestaff_Logo_2026b.png\" style=\"width: 1010px;\" class=\"fr-dib fr-fic\" width=\"512\">\n          <\/p>\n          <p>\n            <img decoding=\"async\" src=\"https:\/\/gamestaff.de\/wp-content\/uploads\/2026\/04\/JubilumGamestaff2.png\" style=\"width: 375px;\" class=\"fr-dib fr-fic\" width=\"512\">\n          <\/p>\n          <h2>\n            <img decoding=\"async\" src=\"https:\/\/gamestaff.de\/wp-content\/uploads\/2026\/04\/TrennlinieGamestaff.png\" width=\"512\" style=\"width: 512px;\" class=\"fr-dib fr-fic\">\n          <\/h2>\n          <h2 id=\"isPasted\"><span class=\"u-text-custom-color-6\" style=\"font-weight: 700;\">Willkommen bei Gamestaff<\/span>\n          <\/h2>\n          <p><span class=\"u-text-custom-color-6\" style=\"font-weight: 700;\">Seit 1992 begleiten uns <b>Staffordshire Bull Terrier<\/b> im t\u00e4glichen Leben.&nbsp;<\/span><span style=\"font-size: 1.125rem; font-weight: 700;\"><span class=\"u-text-custom-color-6\">\n                <br><\/span><\/span><span class=\"u-text-custom-color-6\" style=\"font-weight: 700;\">In dieser Zeit haben wir diese Rasse lieben und sch\u00e4tzen gelernt.&nbsp;<\/span><span style=\"font-size: 1.125rem; font-weight: 700;\"><span class=\"u-text-custom-color-6\">\n                <br><\/span><\/span><span class=\"u-text-custom-color-6\" style=\"font-weight: 700;\">Heute f\u00fchre ich die Zucht bereits in der zweiten Generation.<\/span>\n          <\/p>\n          <h3><span style=\"font-weight: 700;\"><span class=\"u-text-custom-color-6\">\n                <img decoding=\"async\" src=\"https:\/\/gamestaff.de\/wp-content\/uploads\/2026\/04\/TrennlinieGamestaff.png\" width=\"512\" style=\"width: 512px;\" class=\"fr-dib fr-fic\"><\/span><\/span>\n          <\/h3>\n          <h3><span class=\"u-text-custom-color-6\" style=\"font-weight: 700;\">Unsere Philosophie<\/span>\n          <\/h3>\n          <p><span class=\"u-text-custom-color-6\" style=\"font-weight: 700;\">Wir z\u00fcchten konsequent den <b>Balance-Typ<\/b> nach dem Rassestandard der FCI.&nbsp;<\/span><span style=\"font-size: 1.125rem; font-weight: 700;\"><span class=\"u-text-custom-color-6\">\n                <br>\n                <br><\/span><\/span><span class=\"u-text-custom-color-6\" style=\"font-weight: 700;\">Dabei legen wir gr\u00f6\u00dften Wert auf:<\/span>\n          <\/p>\n          <p><span class=\"u-text-custom-color-6\" style=\"font-weight: 700;\">\n              <br><b>Gesundheit<\/b>\n              <br>(als Basis f\u00fcr ein langes Hundeleben)<\/span>\n          <\/p>\n          <p><span class=\"u-text-custom-color-6\" style=\"font-weight: 700;\"><b>Wesen<\/b>&nbsp;<br>(f\u00fcr einen souver\u00e4nen Begleiter)<\/span>\n          <\/p>\n          <p><span class=\"u-text-custom-color-6\" style=\"font-weight: 700;\"><b>Aussehen<\/b>&nbsp;<br>(erfolgreich auf nationalen &amp; internationalen Ausstellungen)<\/span>\n          <\/p>\n          <h3><span style=\"font-weight: 700;\"><span class=\"u-text-custom-color-6\">\n                <img decoding=\"async\" src=\"https:\/\/gamestaff.de\/wp-content\/uploads\/2026\/04\/TrennlinieGamestaff.png\" width=\"512\" style=\"width: 512px;\" class=\"fr-dib fr-fic\"><\/span><\/span>\n          <\/h3>\n          <h3><span class=\"u-text-custom-color-6\" style=\"font-weight: 700;\">Gepr\u00fcfte Qualit\u00e4t<\/span>\n          <\/h3>\n          <p><span class=\"u-text-custom-color-6\" style=\"font-weight: 700;\">Unsere Zuchtst\u00e4tte ist offiziell durch das zust\u00e4ndige Veterin\u00e4ramt besichtigt und genehmigt.&nbsp;<\/span><span style=\"font-weight: 700;\"><span class=\"u-text-custom-color-6\">\n                <br><\/span><\/span><span class=\"u-text-custom-color-6\" style=\"font-weight: 700;\">Zudem verf\u00fcgen wir \u00fcber die Sachkundepr\u00fcfung nach <b>\u00a7 11 Tierschutzgesetz<\/b>.<br>Au\u00dferdem sind wir Z\u00fcchter im VDH e.V.<\/span>\n          <\/p>\n          <p><span class=\"u-text-custom-color-6\" style=\"font-weight: 700;\"><i>Haben Sie Fragen? Melden Sie sich gerne bei uns!<\/i><\/span>\n          <\/p>\n          <p><span class=\"u-text-custom-color-6\" style=\"font-weight: 700;\">Nun viel Spa\u00df auf unserer Webseite...<\/span>\n          <\/p>\n          <p><span class=\"u-text-white\" style=\"font-weight: 700;\">\n              <img decoding=\"async\" src=\"https:\/\/gamestaff.de\/wp-content\/uploads\/2026\/04\/PRose2026.png\" style=\"width: 269px;\" class=\"fr-dib fr-fic\" width=\"269\"><\/span>\n          <\/p>\n          <p>\n            <img decoding=\"async\" src=\"https:\/\/gamestaff.de\/wp-content\/uploads\/2026\/01\/ZC26-Plakette_S.png\" style=\"width: 280px;\" class=\"fr-dib fr-fic\" width=\"512\">\n          <\/p>\n          <p>\n            <br>\n          <\/p>\n        <\/div>\n      <\/div>\n    <\/section>\n    \n    \n    \n  \n","protected":false},"excerpt":{"rendered":"<p>Willkommen bei Gamestaff Seit 1992 begleiten uns Staffordshire Bull Terrier im t\u00e4glichen Leben.&nbsp; In dieser Zeit haben wir diese Rasse lieben und sch\u00e4tzen gelernt.&nbsp; Heute f\u00fchre ich die Zucht bereits in der zweiten Generation. Unsere Philosophie Wir z\u00fcchten konsequent den Balance-Typ nach dem Rassestandard der FCI.&nbsp; Dabei legen wir gr\u00f6\u00dften Wert auf: Gesundheit (als Basis &hellip; <a href=\"https:\/\/gamestaff.de\/\" class=\"more-link\">Continue reading<span class=\"screen-reader-text\"> &#8222;Startseite&#8220;<\/span><\/a><\/p>\n","protected":false},"author":1,"featured_media":0,"parent":0,"menu_order":14,"comment_status":"closed","ping_status":"closed","template":"","meta":{"footnotes":""},"class_list":["post-76","page","type-page","status-publish","hentry"],"_links":{"self":[{"href":"https:\/\/gamestaff.de\/index.php?rest_route=\/wp\/v2\/pages\/76","targetHints":{"allow":["GET"]}}],"collection":[{"href":"https:\/\/gamestaff.de\/index.php?rest_route=\/wp\/v2\/pages"}],"about":[{"href":"https:\/\/gamestaff.de\/index.php?rest_route=\/wp\/v2\/types\/page"}],"author":[{"embeddable":true,"href":"https:\/\/gamestaff.de\/index.php?rest_route=\/wp\/v2\/users\/1"}],"replies":[{"embeddable":true,"href":"https:\/\/gamestaff.de\/index.php?rest_route=%2Fwp%2Fv2%2Fcomments&post=76"}],"version-history":[{"count":10,"href":"https:\/\/gamestaff.de\/index.php?rest_route=\/wp\/v2\/pages\/76\/revisions"}],"predecessor-version":[{"id":455,"href":"https:\/\/gamestaff.de\/index.php?rest_route=\/wp\/v2\/pages\/76\/revisions\/455"}],"wp:attachment":[{"href":"https:\/\/gamestaff.de\/index.php?rest_route=%2Fwp%2Fv2%2Fmedia&parent=76"}],"curies":[{"name":"wp","href":"https:\/\/api.w.org\/{rel}","templated":true}]}}