{"id":75,"date":"2023-03-16T14:35:37","date_gmt":"2023-03-16T14:35:37","guid":{"rendered":"https:\/\/gamestaff.de\/?page_id=75"},"modified":"2026-04-02T09:49:53","modified_gmt":"2026-04-02T09:49:53","slug":"ueber-uns","status":"publish","type":"page","link":"https:\/\/gamestaff.de\/?page_id=75","title":{"rendered":"\u00dcber uns"},"content":{"rendered":"\n    \n    <section class=\"u-align-center u-clearfix u-container-align-center u-section-2\" id=\"sec-34e8\">\n      <div class=\"u-clearfix u-sheet u-sheet-1\">\n        <h1 class=\"u-text u-text-custom-color-6 u-text-1\">\u00dcber uns<\/h1>\n        <img decoding=\"async\" class=\"u-image u-image-contain u-image-default u-image-1\" src=\"https:\/\/gamestaff.de\/wp-content\/uploads\/2023\/03\/Logo_Gamestaff.png\" alt=\"\" data-image-width=\"400\" data-image-height=\"500\">\n        <p class=\"u-text u-text-white u-text-2\">\n          <br><span style=\"font-size: 1.5rem; text-decoration: underline !important;\"><span class=\"u-text-custom-color-6\">Unsere Wurzeln: Eine Zeitreise<\/span><\/span><span class=\"u-text-custom-color-6\">\n            <br>\n            <br><b>1990 \u2013 Der Ursprung:<\/b> Nach unserer Cocker-Spaniel H\u00fcndin \u201eJenna\u201c (1979\u20131990) zog mit dem Bullterrier <i>Dabel's Ceasar<\/i> der erste \u201eBollerkopp\u201c bei uns ein und entfachte die Leidenschaft f\u00fcr diese besonderen Rassen.<br>\n            <br><b>1992 \u2013 Die Entdeckung:<\/b> Durch die Familie J\u00fcnemann lernten wir die damals noch seltenen Staffordshire Bull Terrier kennen. Kurz darauf zog mit <b>Eikstaff Anke<\/b> unser erster Staffbull ein \u2013 eine H\u00fcndin, die unser Leben ver\u00e4nderte.<br>\n            <br><b>1994 \u2013 Gr\u00fcndung von Gamestaff:<\/b> Inspiriert durch Ankes Erfolge und ihr fantastisches Wesen gr\u00fcndete mein Vater den Zwinger <i>Gamestaff<\/i> (FCI gesch\u00fctzt).<br>\n            <br><b>1996 \u2013 Der Meilenstein:<\/b> Unser A-Wurf erblickte das Licht der Welt. Aus der Verpaarung von <i>Eikstaff Anke<\/i> und <i>Cowboys and Angels Raingod<\/i> ging unser unvergessener <b>Multi Champion Action Jackson of Gamestaff<\/b> hervor.<br>\n            <br><b>\u201eAction Jackson\u201c \u2013 Ein Hund f\u00fcr die Ewigkeit<\/b> Mit Titeln wie Weltjugendsieger, Europasieger und zahlreichen Championaten im In- und Ausland hat er Zuchtgeschichte geschrieben und bleibt f\u00fcr immer das Herzst\u00fcck unserer Anf\u00e4nge.<\/span>\n          <br>\n          <br>\n        <\/p>\n        <p class=\"u-text u-text-white u-text-3\"><span style=\"font-size: 1.125rem;\"><span style=\"font-size: 1.5rem; font-weight: 700; text-decoration: underline !important;\" class=\"u-text-custom-color-6\">Die Geburtsstunde von Gamestaff:<\/span><span class=\"u-text-custom-color-6\">&nbsp;<\/span><\/span><span class=\"u-text-custom-color-6\">\n            <br>\n            <br><span style=\"font-weight: 700; font-size: 1.125rem;\">Unsere Stammh\u00fcndin Anke&nbsp;<br>\n              <br>Was als reine Freude an der Rasse begann, entwickelte sich schnell zu einer lebenslangen Passion. Unsere H\u00fcndin <b>Ch. Eikstaff Anke<\/b> war weit mehr als nur ein Haustier; sie war die Definition eines perfekten Staffbulls.<\/span><\/span>\n          <br>\n        <\/p>\n        <img decoding=\"async\" class=\"u-image u-image-default u-image-2\" src=\"https:\/\/gamestaff.de\/wp-content\/uploads\/2026\/03\/Anke1.jpg\" alt=\"\" data-image-width=\"340\" data-image-height=\"400\">\n        <p class=\"u-text u-text-white u-text-4\"><b><span style=\"font-size: 1.125rem;\" class=\"u-text-custom-color-6\">Vom Hobby zum Champion:<\/span><\/b><span class=\"u-text-custom-color-6\">&nbsp;<br>\n            <br>Urspr\u00fcnglich stellten wir Anke ohne gro\u00dfe Erwartungen aus. Doch ihre Qualit\u00e4t blieb nicht unbemerkt: 1996 wurde sie zur <b>erfolgreichsten deutschen Staffordshire Bull Terrier H\u00fcndin<\/b> gek\u00fcrt.<\/span>\n        <\/p>\n        <img decoding=\"async\" class=\"u-image u-image-default u-image-3\" src=\"https:\/\/gamestaff.de\/wp-content\/uploads\/2023\/03\/14502972_104275206706071_2849117994805607318_n.jpg\" alt=\"\" data-image-width=\"522\" data-image-height=\"752\">\n        <p class=\"u-text u-text-white u-text-5\">\n          <br><span style=\"font-size: 1.5rem; text-decoration: underline !important;\"><\/span>\n          <br>\n          <br>\n          <br>\n          <br><b><span style=\"text-decoration: underline !important;\"><\/span><\/b>\n          <br>\n          <br><b><span style=\"text-decoration: underline !important;\" class=\"u-text-custom-color-6\">Ein Familienprojekt entsteht:<\/span><\/b><span class=\"u-text-custom-color-6\">&nbsp;<\/span><span class=\"u-text-custom-color-6\">\n            <br>\n            <br>Best\u00e4rkt durch den Zuspruch erfahrener Z\u00fcchter lie\u00df mein Vater 1994 den Zwingernamen <b>Gamestaff<\/b> international bei der FCI sch\u00fctzen.<br>\n            <br><b><span style=\"text-decoration: underline !important;\">Der legend\u00e4re A-Wurf (1996):<\/span><\/b>&nbsp;<br>\n            <br>Die Verpaarung von Anke mit dem belgischen R\u00fcden <i>Ch. Cowboys and Angels Raingod<\/i> markierte unseren offiziellen Start als Z\u00fcchter.<br>\n            <br><span style=\"text-decoration: underline !important;\">Ein Name, der Geschichte schrieb:&nbsp;<\/span>\n            <br>\n            <br>Action Jackson of Gamestaff<br>Aus diesem ersten Wurf ging unser \u201eAusnahmehund\u201c hervor.&nbsp;<br><b>Multi Champion Action Jackson<\/b> war nicht nur im Ring eine Legende, sondern ist bis heute tief in unseren Herzen verwurzelt.&nbsp;<br>Seine Erfolge lesen sich wie das \u201eWho is Who\u201c der Hundewelt:<br>Weltjugendsieger &amp; Europasieger<br>Mehrfacher Bundessieger (DE &amp; AT)<br>Internationaler Champion &amp; Champion zahlreicher Verb\u00e4nde (VDH, DCBT, GBF, NL), Niederl\u00e4ndischer Champion, Deutscher Champion VDH, <br>Deutscher Champion DCBT, Deutscher Champion GBF, Jugend Champion DCBT, <br>Jugend Champion GBF, 2 x Clubsieger GBF,<br>Clubsieger Niederlande BOB, <br>2 x Amsterdam Winner, K.E.T.S. Winner&nbsp;<\/span>\n        <\/p>\n        <img decoding=\"async\" class=\"u-image u-image-default u-image-4\" src=\"https:\/\/gamestaff.de\/wp-content\/uploads\/2023\/03\/AJ_2009.png\" alt=\"\" data-image-width=\"426\" data-image-height=\"320\">\n        <img decoding=\"async\" class=\"u-image u-image-default u-image-5\" src=\"https:\/\/gamestaff.de\/wp-content\/uploads\/2023\/03\/14520538_104275046706087_694911870077774367_n.jpg\" alt=\"\" data-image-width=\"890\" data-image-height=\"598\">\n        <img decoding=\"async\" class=\"u-image u-image-default u-image-6\" src=\"https:\/\/gamestaff.de\/wp-content\/uploads\/2023\/03\/14522758_104275050039420_2957855690085646342_n.jpg\" alt=\"\" data-image-width=\"526\" data-image-height=\"638\">\n        <img decoding=\"async\" class=\"u-image u-image-default u-image-7\" src=\"https:\/\/gamestaff.de\/wp-content\/uploads\/2023\/03\/14494814_104275033372755_3326057709895592669_n.jpg\" alt=\"\" data-image-width=\"896\" data-image-height=\"598\">\n        <img decoding=\"async\" class=\"u-image u-image-contain u-image-default u-image-8\" src=\"https:\/\/gamestaff.de\/wp-content\/uploads\/2026\/04\/TrennlinieGamestaff.png\" alt=\"\" data-image-width=\"640\" data-image-height=\"100\">\n        <img decoding=\"async\" class=\"u-image u-image-default u-image-9\" src=\"https:\/\/gamestaff.de\/wp-content\/uploads\/2023\/03\/StaffieType.jpg\" alt=\"\" data-image-width=\"477\" data-image-height=\"272\">\n      <\/div>\n    <\/section>\n    \n    \n    \n  \n","protected":false},"excerpt":{"rendered":"<p>\u00dcber uns Unsere Wurzeln: Eine Zeitreise 1990 \u2013 Der Ursprung: Nach unserer Cocker-Spaniel H\u00fcndin \u201eJenna\u201c (1979\u20131990) zog mit dem Bullterrier Dabel&#8217;s Ceasar der erste \u201eBollerkopp\u201c bei uns ein und entfachte die Leidenschaft f\u00fcr diese besonderen Rassen. 1992 \u2013 Die Entdeckung: Durch die Familie J\u00fcnemann lernten wir die damals noch seltenen Staffordshire Bull Terrier kennen. Kurz &hellip; <a href=\"https:\/\/gamestaff.de\/?page_id=75\" class=\"more-link\">Continue reading<span class=\"screen-reader-text\"> &#8222;\u00dcber uns&#8220;<\/span><\/a><\/p>\n","protected":false},"author":1,"featured_media":0,"parent":0,"menu_order":13,"comment_status":"closed","ping_status":"closed","template":"","meta":{"footnotes":""},"class_list":["post-75","page","type-page","status-publish","hentry"],"_links":{"self":[{"href":"https:\/\/gamestaff.de\/index.php?rest_route=\/wp\/v2\/pages\/75","targetHints":{"allow":["GET"]}}],"collection":[{"href":"https:\/\/gamestaff.de\/index.php?rest_route=\/wp\/v2\/pages"}],"about":[{"href":"https:\/\/gamestaff.de\/index.php?rest_route=\/wp\/v2\/types\/page"}],"author":[{"embeddable":true,"href":"https:\/\/gamestaff.de\/index.php?rest_route=\/wp\/v2\/users\/1"}],"replies":[{"embeddable":true,"href":"https:\/\/gamestaff.de\/index.php?rest_route=%2Fwp%2Fv2%2Fcomments&post=75"}],"version-history":[{"count":6,"href":"https:\/\/gamestaff.de\/index.php?rest_route=\/wp\/v2\/pages\/75\/revisions"}],"predecessor-version":[{"id":464,"href":"https:\/\/gamestaff.de\/index.php?rest_route=\/wp\/v2\/pages\/75\/revisions\/464"}],"wp:attachment":[{"href":"https:\/\/gamestaff.de\/index.php?rest_route=%2Fwp%2Fv2%2Fmedia&parent=75"}],"curies":[{"name":"wp","href":"https:\/\/api.w.org\/{rel}","templated":true}]}}