{"id":70,"date":"2023-03-16T14:35:32","date_gmt":"2023-03-16T14:35:32","guid":{"rendered":"https:\/\/gamestaff.de\/?page_id=70"},"modified":"2026-05-04T10:11:14","modified_gmt":"2026-05-04T10:11:14","slug":"kontakt","status":"publish","type":"page","link":"https:\/\/gamestaff.de\/?page_id=70","title":{"rendered":"Kontakt"},"content":{"rendered":"\n    \n    <section class=\"u-clearfix u-section-2\" id=\"sec-0046\">\n      <div class=\"u-clearfix u-sheet u-sheet-1\">\n        <p class=\"u-text u-text-default u-text-1\"><span class=\"u-text-white\"><\/span><span class=\"u-text-body-alt-color\"><span class=\"u-text-white\" style=\"font-size: 1.25rem; font-weight: 700;\">Kontaktformular <\/span><span class=\"u-text-custom-color-6\">\n              <br><\/span><\/span><span class=\"u-text-custom-color-6\">\n            <br><span class=\"u-text-white\">Wir beantworten jede Nachricht innerhalb von 48 Stunden.&nbsp;<br>Sollten Sie keine Antwort von uns erhalten, senden Sie bitte eine E-Mail an&nbsp;<br>gamestaff@t-online.de.&nbsp;<br><\/span><\/span><span class=\"u-text-white\">\n            <br>Vielen Dank!&nbsp;<br><\/span><span class=\"u-text-white\">\n            <br>Wir verarbeiten Ihre Daten (z.B. Namen von\n Kontaktpersonen) um unsere vertraglichen Verpflichtungen und \nServiceleistungen gem\u00e4\u00df Art. 6 Abs. 1 lit b. DSGVO zu erf\u00fcllen. Die in \nOnlineformularen als verpflichtend gekennzeichneten Angaben sind f\u00fcr \neine Kontaktaufnahme erforderlich. <br><\/span><span class=\"u-text-white\">\n            <br> Mit dem Absenden dieses Formulares \nerkennen Sie unsere Datenschutzerkl\u00e4rung an und stimmen der Verarbeitung\n und Speicherung Ihrer Daten zu und gestatten eine Kontaktaufnahme. <\/span>\n        <\/p>\n        <div class=\"u-align-center u-shortcode u-white u-shortcode-1\"><style id=\"wpforms-css-vars-151\">\n\t\t\t\t#wpforms-151 {\n\t\t\t\t\n\t\t\t}\n\t\t\t<\/style><div class=\"wpforms-container wpforms-container-full wpforms-render-modern\" id=\"wpforms-151\"><form id=\"wpforms-form-151\" class=\"wpforms-validate wpforms-form wpforms-ajax-form\" data-formid=\"151\" method=\"post\" enctype=\"multipart\/form-data\" action=\"\/index.php?rest_route=%2Fwp%2Fv2%2Fpages%2F70\" data-token=\"c0da51a7dd8832abaa04ebe7f1516bf7\" data-token-time=\"1778499094\"><noscript class=\"wpforms-error-noscript\">Bitte aktiviere JavaScript in deinem Browser, um dieses Formular fertigzustellen.<\/noscript><div id=\"wpforms-error-noscript\" style=\"display: none;\">Bitte aktiviere JavaScript in deinem Browser, um dieses Formular fertigzustellen.<\/div><div class=\"wpforms-field-container\"><div id=\"wpforms-151-field_0-container\" class=\"wpforms-field wpforms-field-name\" data-field-id=\"0\"><label class=\"wpforms-field-label\" for=\"wpforms-151-field_0\">Name <span class=\"wpforms-required-label\" aria-hidden=\"true\">*<\/span><\/label><input type=\"text\" id=\"wpforms-151-field_0\" class=\"wpforms-field-medium wpforms-field-required\" name=\"wpforms[fields][0]\" aria-errormessage=\"wpforms-151-field_0-error\" required><\/div><div id=\"wpforms-151-field_1-container\" class=\"wpforms-field wpforms-field-email\" data-field-id=\"1\"><label class=\"wpforms-field-label\" for=\"wpforms-151-field_1\">E-Mail <span class=\"wpforms-required-label\" aria-hidden=\"true\">*<\/span><\/label><input type=\"email\" id=\"wpforms-151-field_1\" class=\"wpforms-field-medium wpforms-field-required\" name=\"wpforms[fields][1]\" spellcheck=\"false\" aria-errormessage=\"wpforms-151-field_1-error\" required><\/div><div id=\"wpforms-151-field_4-container\" class=\"wpforms-field wpforms-field-number\" data-field-id=\"4\"><label class=\"wpforms-field-label\" for=\"wpforms-151-field_4\">Telefon <span class=\"wpforms-required-label\" aria-hidden=\"true\">*<\/span><\/label><input type=\"number\" id=\"wpforms-151-field_4\" class=\"wpforms-field-medium wpforms-field-required\" name=\"wpforms[fields][4]\" step=\"any\" aria-errormessage=\"wpforms-151-field_4-error\" required><\/div><div id=\"wpforms-151-field_2-container\" class=\"wpforms-field wpforms-field-textarea\" data-field-id=\"2\"><label class=\"wpforms-field-label\" for=\"wpforms-151-field_2\">Nachricht <span class=\"wpforms-required-label\" aria-hidden=\"true\">*<\/span><\/label><textarea id=\"wpforms-151-field_2\" class=\"wpforms-field-medium wpforms-field-required\" name=\"wpforms[fields][2]\" aria-errormessage=\"wpforms-151-field_2-error\" required><\/textarea><\/div><\/div><!-- .wpforms-field-container --><div class=\"wpforms-recaptcha-container wpforms-is-recaptcha wpforms-is-recaptcha-type-v2\" ><div class=\"g-recaptcha\" data-sitekey=\"6LeoCFoUAAAAAGgGrbUD8nQ4EHmT9_x5aj2l6XIc\"><\/div><input type=\"text\" name=\"g-recaptcha-hidden\" class=\"wpforms-recaptcha-hidden\" style=\"position:absolute!important;clip:rect(0,0,0,0)!important;height:1px!important;width:1px!important;border:0!important;overflow:hidden!important;padding:0!important;margin:0!important;\" data-rule-recaptcha=\"1\"><\/div><div class=\"wpforms-submit-container\" ><input type=\"hidden\" name=\"wpforms[id]\" value=\"151\"><input type=\"hidden\" name=\"page_title\" value=\"\"><input type=\"hidden\" name=\"page_url\" value=\"https:\/\/gamestaff.de\/index.php?rest_route=\/wp\/v2\/pages\/70\"><input type=\"hidden\" name=\"url_referer\" value=\"\"><button type=\"submit\" name=\"wpforms[submit]\" id=\"wpforms-submit-151\" class=\"wpforms-submit\" data-alt-text=\"Senden\u2026\" data-submit-text=\"Absenden\" aria-live=\"assertive\" value=\"wpforms-submit\">Absenden<\/button><img loading=\"lazy\" decoding=\"async\" src=\"https:\/\/gamestaff.de\/wp-content\/plugins\/wpforms-lite\/assets\/images\/submit-spin.svg\" class=\"wpforms-submit-spinner\" style=\"display: none;\" width=\"26\" height=\"26\" alt=\"Wird geladen\"><\/div><\/form><\/div>  <!-- .wpforms-container --><\/div>\n      <\/div>\n    <\/section>\n    \n    \n    \n  \n","protected":false},"excerpt":{"rendered":"<p>Kontaktformular Wir beantworten jede Nachricht innerhalb von 48 Stunden.&nbsp;Sollten Sie keine Antwort von uns erhalten, senden Sie bitte eine E-Mail an&nbsp;gamestaff@t-online.de.&nbsp; Vielen Dank!&nbsp; Wir verarbeiten Ihre Daten (z.B. Namen von Kontaktpersonen) um unsere vertraglichen Verpflichtungen und Serviceleistungen gem\u00e4\u00df Art. 6 Abs. 1 lit b. DSGVO zu erf\u00fcllen. Die in Onlineformularen als verpflichtend gekennzeichneten Angaben sind &hellip; <a href=\"https:\/\/gamestaff.de\/?page_id=70\" class=\"more-link\">Continue reading<span class=\"screen-reader-text\"> &#8222;Kontakt&#8220;<\/span><\/a><\/p>\n","protected":false},"author":1,"featured_media":0,"parent":0,"menu_order":8,"comment_status":"closed","ping_status":"closed","template":"","meta":{"footnotes":""},"class_list":["post-70","page","type-page","status-publish","hentry"],"_links":{"self":[{"href":"https:\/\/gamestaff.de\/index.php?rest_route=\/wp\/v2\/pages\/70","targetHints":{"allow":["GET"]}}],"collection":[{"href":"https:\/\/gamestaff.de\/index.php?rest_route=\/wp\/v2\/pages"}],"about":[{"href":"https:\/\/gamestaff.de\/index.php?rest_route=\/wp\/v2\/types\/page"}],"author":[{"embeddable":true,"href":"https:\/\/gamestaff.de\/index.php?rest_route=\/wp\/v2\/users\/1"}],"replies":[{"embeddable":true,"href":"https:\/\/gamestaff.de\/index.php?rest_route=%2Fwp%2Fv2%2Fcomments&post=70"}],"version-history":[{"count":7,"href":"https:\/\/gamestaff.de\/index.php?rest_route=\/wp\/v2\/pages\/70\/revisions"}],"predecessor-version":[{"id":460,"href":"https:\/\/gamestaff.de\/index.php?rest_route=\/wp\/v2\/pages\/70\/revisions\/460"}],"wp:attachment":[{"href":"https:\/\/gamestaff.de\/index.php?rest_route=%2Fwp%2Fv2%2Fmedia&parent=70"}],"curies":[{"name":"wp","href":"https:\/\/api.w.org\/{rel}","templated":true}]}}