{"id":66,"date":"2023-03-16T14:35:28","date_gmt":"2023-03-16T14:35:28","guid":{"rendered":"https:\/\/gamestaff.de\/?page_id=66"},"modified":"2026-04-02T14:16:29","modified_gmt":"2026-04-02T14:16:29","slug":"zuchtziel","status":"publish","type":"page","link":"https:\/\/gamestaff.de\/?page_id=66","title":{"rendered":"Zuchtziel"},"content":{"rendered":"\n    \n    <section class=\"u-align-center u-clearfix u-container-align-center u-section-2\" id=\"sec-87bb\">\n      <div class=\"u-clearfix u-sheet u-valign-middle u-sheet-1\">\n        <h1 class=\"u-text u-text-custom-color-6 u-text-1\">Zuchtziel<\/h1>\n        <p class=\"u-text u-text-white u-text-2\"><span style=\"font-size: 1.25rem; font-style: italic; font-weight: 700;\">\n            <br><\/span><span style=\"font-size: 1.125rem; font-weight: 700;\"><span style=\"text-decoration: underline !important;\" class=\"u-text-custom-color-6\">Unsere Zuchtphilosophie:&nbsp; In Generationen denken<\/span><span class=\"u-text-custom-color-6\">\n              <br>\n              <br>Zucht ist f\u00fcr uns weit mehr als die Verpaarung zweier Hunde. Es ist eine Verpflichtung gegen\u00fcber der Rasse, die wir seit 1994 mit Herz, Leidenschaft und Verstand verfolgen.<br><\/span><\/span>\n          <br>\n          <br><span style=\"font-size: 1.125rem; font-weight: 700;\" class=\"u-text-custom-color-6\"><span style=\"text-decoration: underline !important;\">Das Zuchtziel: Der \u201eBalance-Typ\u201c<\/span>\n            <br>\n            <br>Unser Ideal ist ein Staffordshire Bull Terrier, der dem Rassestandard der FCI in Perfektion entspricht:<br><\/span><span class=\"u-text-custom-color-6\">\n            <br><span style=\"font-size: 1.125rem; font-weight: 700;\"><b>Exterieur:<\/b> Kompakt, kr\u00e4ftig und dennoch sportlich und beweglich.<br><\/span>\n            <br><span style=\"font-size: 1.125rem; font-weight: 700;\"><b>Wesen:<\/b> Ein ausgeglichener, lieber und belastbarer Familienhund.<br><\/span>\n            <br><\/span><span style=\"font-size: 1.125rem; font-weight: 700;\"><span class=\"u-text-custom-color-6\"><b>Alltagstauglichkeit:<\/b> Unsere Hunde sind so gepr\u00e4gt, dass sie ihre Familien souver\u00e4n in allen Lebenslagen begleiten k\u00f6nnen.<br>\n              <br>\n              <br><span style=\"text-decoration: underline !important;\">Aufzucht mit Herz und Verstand<\/span><\/span>\n            <br>\n            <br><span class=\"u-text-custom-color-6\">Ein guter Start ins Leben ist die Basis. Deshalb liegt unser Schwerpunkt auf einer <b>fr\u00fchen, hundegerechten Pr\u00e4gung und Sozialisierung<\/b>. Wir bereiten unsere Welpen behutsam auf die Welt vor, damit sie als selbstbewusste Partner in ihre neuen Zuhause ziehen.<\/span><\/span><span class=\"u-text-custom-color-6\">\n            <br>\n            <br><span style=\"font-size: 1.125rem; font-weight: 700; text-decoration: underline !important;\">Gesundheit steht an erster Stelle<\/span>\n            <br><span style=\"font-size: 1.125rem; font-weight: 700;\">Um unseren hohen Ma\u00dfst\u00e4ben gerecht zu werden, \u00fcberlassen wir nichts dem Zufall. Unsere Zuchthunde sind umfassend untersucht und ausgewertet.<\/span>\n            <br>\n            <br><span style=\"font-size: 1.125rem; font-weight: 700;\"><b>Unsere aktuellen Gesundheitsuntersuchungen umfassen:<\/b><\/span><\/span>\n        <\/p>\n        <img decoding=\"async\" class=\"u-image u-image-contain u-image-default u-image-1\" src=\"https:\/\/gamestaff.de\/wp-content\/uploads\/2026\/04\/TrennlinieGamestaff.png\" alt=\"\" data-image-width=\"640\" data-image-height=\"100\">\n      <\/div>\n    <\/section>\n    <section class=\"u-align-left u-clearfix u-container-align-center u-container-align-left u-section-3\" id=\"carousel_9d11\">\n      <div class=\"u-clearfix u-sheet u-sheet-1\">\n        <div class=\"u-expanded-width u-list u-list-1\">\n          <div class=\"u-repeater u-repeater-1\">\n            <div class=\"u-align-left u-container-align-left u-container-style u-list-item u-repeater-item u-shape-rectangle\">\n              <div class=\"u-container-layout u-similar-container u-valign-top u-container-layout-1\">\n                <div class=\"u-align-center u-container-align-center u-container-style u-group u-radius-50 u-shape-round u-white u-group-1\" data-animation-name=\"rollIn\" data-animation-duration=\"2000\" data-animation-direction=\"\">\n                  <div class=\"u-container-layout u-valign-middle u-container-layout-2\">\n                    <h2 class=\"u-custom-font u-font-montserrat u-text u-text-black u-text-1\"> 1<\/h2>\n                  <\/div>\n                <\/div>\n                <p class=\"u-text u-text-body-alt-color u-text-2\"><span class=\"u-icon u-icon-1\"><svg class=\"u-svg-content\" viewBox=\"0 0 50 50\" x=\"0px\" y=\"0px\" style=\"width: 1em; height: 1em;\"><circle style=\"fill:#25AE88;\" cx=\"25\" cy=\"25\" r=\"25\"><\/circle><polyline style=\"fill:none;stroke:#FFFFFF;stroke-width:2;stroke-linecap:round;stroke-linejoin:round;stroke-miterlimit:10;\" points=\"\n\t38,15 22,33 12,25 \"><\/polyline><\/svg><\/span>&nbsp;&nbsp; L2HGA&nbsp; -&nbsp; frei \/ clear by parents<br>\n                <\/p>\n              <\/div>\n            <\/div>\n            <div class=\"u-align-left u-container-align-left u-container-style u-list-item u-repeater-item u-shape-rectangle\">\n              <div class=\"u-container-layout u-similar-container u-valign-top u-container-layout-3\">\n                <div class=\"u-align-center u-container-align-center u-container-style u-group u-radius-50 u-shape-round u-white u-group-2\" data-animation-name=\"rollIn\" data-animation-duration=\"2000\" data-animation-direction=\"\">\n                  <div class=\"u-container-layout u-valign-middle u-container-layout-4\">\n                    <h2 class=\"u-custom-font u-font-montserrat u-text u-text-black u-text-default u-text-3\">2<\/h2>\n                  <\/div>\n                <\/div>\n                <p class=\"u-text u-text-body-alt-color u-text-4\"><span class=\"u-icon u-icon-2\"><svg class=\"u-svg-content\" viewBox=\"0 0 50 50\" x=\"0px\" y=\"0px\" style=\"width: 1em; height: 1em;\"><circle style=\"fill:#25AE88;\" cx=\"25\" cy=\"25\" r=\"25\"><\/circle><polyline style=\"fill:none;stroke:#FFFFFF;stroke-width:2;stroke-linecap:round;stroke-linejoin:round;stroke-miterlimit:10;\" points=\"\n\t38,15 22,33 12,25 \"><\/polyline><\/svg><\/span>&nbsp;\u200b&nbsp; HC&nbsp; -&nbsp; frei \/ clear by parents<br>\n                <\/p>\n              <\/div>\n            <\/div>\n            <div class=\"u-align-left u-container-align-left u-container-style u-list-item u-repeater-item u-shape-rectangle\">\n              <div class=\"u-container-layout u-similar-container u-valign-top u-container-layout-5\">\n                <div class=\"u-align-center u-container-align-center u-container-style u-group u-radius-50 u-shape-round u-white u-group-3\" data-animation-name=\"rollIn\" data-animation-duration=\"2000\" data-animation-direction=\"\">\n                  <div class=\"u-container-layout u-valign-middle u-container-layout-6\">\n                    <h2 class=\"u-custom-font u-font-montserrat u-text u-text-black u-text-default u-text-5\">3<\/h2>\n                  <\/div>\n                <\/div>\n                <p class=\"u-text u-text-body-alt-color u-text-6\"><span class=\"u-icon u-icon-3\"><svg class=\"u-svg-content\" viewBox=\"0 0 50 50\" x=\"0px\" y=\"0px\" style=\"width: 1em; height: 1em;\"><circle style=\"fill:#25AE88;\" cx=\"25\" cy=\"25\" r=\"25\"><\/circle><polyline style=\"fill:none;stroke:#FFFFFF;stroke-width:2;stroke-linecap:round;stroke-linejoin:round;stroke-miterlimit:10;\" points=\"\n\t38,15 22,33 12,25 \"><\/polyline><\/svg><\/span>&nbsp;\u200b&nbsp; Patella Luxation<br>\n                <\/p>\n              <\/div>\n            <\/div>\n            <div class=\"u-align-left u-container-align-left u-container-style u-list-item u-repeater-item u-shape-rectangle\">\n              <div class=\"u-container-layout u-similar-container u-valign-top u-container-layout-7\">\n                <div class=\"u-align-center u-container-align-center u-container-style u-group u-radius-50 u-shape-round u-white u-group-4\" data-animation-name=\"rollIn\" data-animation-duration=\"2000\" data-animation-direction=\"\">\n                  <div class=\"u-container-layout u-valign-middle u-container-layout-8\">\n                    <h2 class=\"u-custom-font u-font-montserrat u-text u-text-black u-text-default u-text-7\">4<\/h2>\n                  <\/div>\n                <\/div>\n                <p class=\"u-text u-text-body-alt-color u-text-8\"><span class=\"u-icon u-icon-4\"><svg class=\"u-svg-content\" viewBox=\"0 0 50 50\" x=\"0px\" y=\"0px\" style=\"width: 1em; height: 1em;\"><circle style=\"fill:#25AE88;\" cx=\"25\" cy=\"25\" r=\"25\"><\/circle><polyline style=\"fill:none;stroke:#FFFFFF;stroke-width:2;stroke-linecap:round;stroke-linejoin:round;stroke-miterlimit:10;\" points=\"\n\t38,15 22,33 12,25 \"><\/polyline><\/svg><\/span>&nbsp;\u200b &nbsp; Herzultraschall\n                <\/p>\n              <\/div>\n            <\/div>\n            <div class=\"u-align-left u-container-align-left u-container-style u-list-item u-repeater-item u-shape-rectangle\">\n              <div class=\"u-container-layout u-similar-container u-valign-top u-container-layout-9\">\n                <div class=\"u-align-center u-container-align-center u-container-style u-group u-radius-50 u-shape-round u-white u-group-5\" data-animation-name=\"rollIn\" data-animation-duration=\"2000\" data-animation-direction=\"\">\n                  <div class=\"u-container-layout u-valign-middle u-container-layout-10\">\n                    <h2 class=\"u-custom-font u-font-montserrat u-text u-text-black u-text-default u-text-9\">5<\/h2>\n                  <\/div>\n                <\/div>\n                <p class=\"u-text u-text-body-alt-color u-text-10\"><span class=\"u-icon u-icon-5\"><svg class=\"u-svg-content\" viewBox=\"0 0 50 50\" x=\"0px\" y=\"0px\" style=\"width: 1em; height: 1em;\"><circle style=\"fill:#25AE88;\" cx=\"25\" cy=\"25\" r=\"25\"><\/circle><polyline style=\"fill:none;stroke:#FFFFFF;stroke-width:2;stroke-linecap:round;stroke-linejoin:round;stroke-miterlimit:10;\" points=\"\n\t38,15 22,33 12,25 \"><\/polyline><\/svg><\/span>&nbsp;\u200b DOK - Augenuntersuchung<br>\n                <\/p>\n              <\/div>\n            <\/div>\n            <div class=\"u-align-left u-container-align-left u-container-style u-list-item u-repeater-item u-shape-rectangle\">\n              <div class=\"u-container-layout u-similar-container u-valign-top u-container-layout-11\">\n                <div class=\"u-align-center u-container-align-center u-container-style u-group u-radius-50 u-shape-round u-white u-group-6\" data-animation-name=\"rollIn\" data-animation-duration=\"2000\" data-animation-direction=\"\">\n                  <div class=\"u-container-layout u-valign-middle u-container-layout-12\">\n                    <h2 class=\"u-custom-font u-font-montserrat u-text u-text-black u-text-default u-text-11\">6<\/h2>\n                  <\/div>\n                <\/div>\n                <p class=\"u-text u-text-body-alt-color u-text-12\"><span class=\"u-icon u-icon-6\"><svg class=\"u-svg-content\" viewBox=\"0 0 50 50\" x=\"0px\" y=\"0px\" style=\"width: 1em; height: 1em;\"><circle style=\"fill:#25AE88;\" cx=\"25\" cy=\"25\" r=\"25\"><\/circle><polyline style=\"fill:none;stroke:#FFFFFF;stroke-width:2;stroke-linecap:round;stroke-linejoin:round;stroke-miterlimit:10;\" points=\"\n\t38,15 22,33 12,25 \"><\/polyline><\/svg><\/span>&nbsp;\u200b ZUCHTTAUGLICHKEITS-PR\u00dcFUNG MIT WESENSPR\u00dcFUNG DES VEREINS\n                <\/p>\n              <\/div>\n            <\/div>\n            <div class=\"u-align-left u-container-align-left u-container-style u-list-item u-repeater-item u-shape-rectangle\">\n              <div class=\"u-container-layout u-similar-container u-valign-top u-container-layout-13\">\n                <div class=\"u-align-center u-container-align-center u-container-style u-group u-radius-50 u-shape-round u-white u-group-7\" data-animation-name=\"rollIn\" data-animation-duration=\"2000\" data-animation-direction=\"\">\n                  <div class=\"u-container-layout u-valign-middle u-container-layout-14\">\n                    <h2 class=\"u-custom-font u-font-montserrat u-text u-text-black u-text-default u-text-13\">7<\/h2>\n                  <\/div>\n                <\/div>\n                <p class=\"u-text u-text-body-alt-color u-text-14\"><span class=\"u-icon u-icon-7\"><svg class=\"u-svg-content\" viewBox=\"0 0 50 50\" x=\"0px\" y=\"0px\" style=\"width: 1em; height: 1em;\"><circle style=\"fill:#25AE88;\" cx=\"25\" cy=\"25\" r=\"25\"><\/circle><polyline style=\"fill:none;stroke:#FFFFFF;stroke-width:2;stroke-linecap:round;stroke-linejoin:round;stroke-miterlimit:10;\" points=\"\n\t38,15 22,33 12,25 \"><\/polyline><\/svg><\/span>&nbsp;\u200b DNA - Profil das im Labor archiviert wird\n                <\/p>\n              <\/div>\n            <\/div>\n            <div class=\"u-align-left u-container-align-left u-container-style u-list-item u-repeater-item u-shape-rectangle\">\n              <div class=\"u-container-layout u-similar-container u-valign-top u-container-layout-15\">\n                <div class=\"u-align-center u-container-align-center u-container-style u-group u-radius-50 u-shape-round u-white u-group-8\" data-animation-name=\"rollIn\" data-animation-duration=\"2000\" data-animation-direction=\"\">\n                  <div class=\"u-container-layout u-valign-middle u-container-layout-16\">\n                    <h2 class=\"u-custom-font u-font-montserrat u-text u-text-black u-text-default u-text-15\">8<\/h2>\n                  <\/div>\n                <\/div>\n                <p class=\"u-text u-text-body-alt-color u-text-16\"><span class=\"u-icon u-icon-8\"><svg class=\"u-svg-content\" viewBox=\"0 0 50 50\" x=\"0px\" y=\"0px\" style=\"width: 1em; height: 1em;\"><circle style=\"fill:#25AE88;\" cx=\"25\" cy=\"25\" r=\"25\"><\/circle><polyline style=\"fill:none;stroke:#FFFFFF;stroke-width:2;stroke-linecap:round;stroke-linejoin:round;stroke-miterlimit:10;\" points=\"\n\t38,15 22,33 12,25 \"><\/polyline><\/svg><\/span>&nbsp;\u200b HD und ED R\u00f6ntgen mit Auswertung vom Gutachter (GRSK e.V.)&nbsp;<br>\n                <\/p>\n              <\/div>\n            <\/div>\n            <div class=\"u-align-left u-container-align-left u-container-style u-list-item u-repeater-item u-shape-rectangle\">\n              <div class=\"u-container-layout u-similar-container u-valign-top u-container-layout-17\">\n                <div class=\"u-align-center u-container-align-center u-container-style u-group u-radius-50 u-shape-round u-white u-group-9\" data-animation-name=\"rollIn\" data-animation-duration=\"2000\" data-animation-direction=\"\">\n                  <div class=\"u-container-layout u-valign-middle u-container-layout-18\">\n                    <h2 class=\"u-custom-font u-font-montserrat u-text u-text-black u-text-default u-text-17\">9<\/h2>\n                  <\/div>\n                <\/div>\n                <p class=\"u-text u-text-body-alt-color u-text-18\"><span class=\"u-icon u-icon-9\"><svg class=\"u-svg-content\" viewBox=\"0 0 50 50\" x=\"0px\" y=\"0px\" style=\"width: 1em; height: 1em;\"><circle style=\"fill:#25AE88;\" cx=\"25\" cy=\"25\" r=\"25\"><\/circle><polyline style=\"fill:none;stroke:#FFFFFF;stroke-width:2;stroke-linecap:round;stroke-linejoin:round;stroke-miterlimit:10;\" points=\"\n\t38,15 22,33 12,25 \"><\/polyline><\/svg><\/span>&nbsp;\u200b D-Lokus D1 DNA Test\n                <\/p>\n              <\/div>\n            <\/div>\n          <\/div>\n        <\/div>\n      <\/div>\n    <\/section>\n    \n    \n    \n  \n","protected":false},"excerpt":{"rendered":"<p>Zuchtziel Unsere Zuchtphilosophie:&nbsp; In Generationen denken Zucht ist f\u00fcr uns weit mehr als die Verpaarung zweier Hunde. Es ist eine Verpflichtung gegen\u00fcber der Rasse, die wir seit 1994 mit Herz, Leidenschaft und Verstand verfolgen. Das Zuchtziel: Der \u201eBalance-Typ\u201c Unser Ideal ist ein Staffordshire Bull Terrier, der dem Rassestandard der FCI in Perfektion entspricht: Exterieur: Kompakt, &hellip; <a href=\"https:\/\/gamestaff.de\/?page_id=66\" class=\"more-link\">Continue reading<span class=\"screen-reader-text\"> &#8222;Zuchtziel&#8220;<\/span><\/a><\/p>\n","protected":false},"author":1,"featured_media":0,"parent":0,"menu_order":4,"comment_status":"closed","ping_status":"closed","template":"","meta":{"footnotes":""},"class_list":["post-66","page","type-page","status-publish","hentry"],"_links":{"self":[{"href":"https:\/\/gamestaff.de\/index.php?rest_route=\/wp\/v2\/pages\/66","targetHints":{"allow":["GET"]}}],"collection":[{"href":"https:\/\/gamestaff.de\/index.php?rest_route=\/wp\/v2\/pages"}],"about":[{"href":"https:\/\/gamestaff.de\/index.php?rest_route=\/wp\/v2\/types\/page"}],"author":[{"embeddable":true,"href":"https:\/\/gamestaff.de\/index.php?rest_route=\/wp\/v2\/users\/1"}],"replies":[{"embeddable":true,"href":"https:\/\/gamestaff.de\/index.php?rest_route=%2Fwp%2Fv2%2Fcomments&post=66"}],"version-history":[{"count":11,"href":"https:\/\/gamestaff.de\/index.php?rest_route=\/wp\/v2\/pages\/66\/revisions"}],"predecessor-version":[{"id":479,"href":"https:\/\/gamestaff.de\/index.php?rest_route=\/wp\/v2\/pages\/66\/revisions\/479"}],"wp:attachment":[{"href":"https:\/\/gamestaff.de\/index.php?rest_route=%2Fwp%2Fv2%2Fmedia&parent=66"}],"curies":[{"name":"wp","href":"https:\/\/api.w.org\/{rel}","templated":true}]}}