{"id":63,"date":"2023-03-16T14:35:25","date_gmt":"2023-03-16T14:35:25","guid":{"rendered":"https:\/\/gamestaff.de\/?page_id=63"},"modified":"2026-04-02T09:42:48","modified_gmt":"2026-04-02T09:42:48","slug":"in-memory","status":"publish","type":"page","link":"https:\/\/gamestaff.de\/?page_id=63","title":{"rendered":"in Memory"},"content":{"rendered":"\n    \n    <section class=\"u-clearfix u-section-2\" id=\"sec-c904\">\n      <div class=\"u-clearfix u-sheet u-valign-middle u-sheet-1\">\n        <div class=\"fr-view u-align-center u-clearfix u-rich-text u-text u-text-1\">\n          <h1><span class=\"u-text-custom-color-6\">in Memory<\/span>\n          <\/h1>\n          <p id=\"isPasted\"><span class=\"u-text-custom-color-6\">&nbsp;<\/span>\n          <\/p>\n          <p><span class=\"u-text-custom-color-6\" style=\"font-weight: 700; font-size: 1.125rem;\">Diese Seite m\u00f6chte ich meinem Vater witmen. Er hat 1994 den Zwinger \"Gamestaff\" gegr\u00fcndet und ihn bei der FCI international sch\u00fctzen lassen.<\/span>\n          <\/p>\n          <p><span class=\"u-text-custom-color-6\" style=\"font-weight: 700; font-size: 1.125rem;\">Mein Vater hat erfolgreich fast drei Jahrzente mit Herz und Verstand diese wundervolle Rasse gez\u00fcchtet und war Tr\u00e4ger der VDH-Ehrennadel in silber.&nbsp;<br>\n              <br>Viele Jahre sind wir gemeinsam zu Ausstellungen in ganz Europa gefahren und er wurde im In-und Ausland aufgrund seines Wissens \u00fcber den Staffordshire Bull Terrier sehr gesch\u00e4tzt.&nbsp;<\/span>\n          <\/p>\n          <p><span class=\"u-text-custom-color-6\" style=\"font-weight: 700; font-size: 1.125rem;\">Wir werden ihn sehr vermissen und nicht vergessen.<\/span>\n          <\/p>\n          <p><span class=\"u-text-custom-color-6\" style=\"font-weight: 700; font-size: 1.125rem;\">Hans Rose<\/span>\n          <\/p>\n          <p><span class=\"u-text-custom-color-6\" style=\"font-weight: 700; font-size: 1.125rem;\">1953-2021<\/span>\n          <\/p>\n          <p style=\"text-align: center;\"><span style=\"line-height: 2.0;\">&nbsp;<span class=\"u-text-white\" style=\"font-weight: 700;\">\n                <img decoding=\"async\" align=\"center\" style=\"width: 366px;\" class=\"fr-dib fr-fic\" src=\"https:\/\/gamestaff.de\/wp-content\/uploads\/2023\/03\/RoseBild.jpg\" width=\"466\"><\/span>&nbsp;<\/span>\n          <\/p>\n          <p style=\"text-align: center;\">\n            <br>\n          <\/p>\n          <p>\n            <img decoding=\"async\" src=\"https:\/\/gamestaff.de\/wp-content\/uploads\/2026\/04\/TrennlinieGamestaff.png\" style=\"width: 512px;\" class=\"fr-dib fr-fic\" width=\"512\">\n          <\/p>\n          <p>&nbsp;<\/p>\n          <p>\n            <br>\n          <\/p>\n        <\/div>\n      <\/div>\n    <\/section>\n    \n    \n    \n  \n","protected":false},"excerpt":{"rendered":"<p>in Memory &nbsp; Diese Seite m\u00f6chte ich meinem Vater witmen. Er hat 1994 den Zwinger &#8222;Gamestaff&#8220; gegr\u00fcndet und ihn bei der FCI international sch\u00fctzen lassen. Mein Vater hat erfolgreich fast drei Jahrzente mit Herz und Verstand diese wundervolle Rasse gez\u00fcchtet und war Tr\u00e4ger der VDH-Ehrennadel in silber.&nbsp; Viele Jahre sind wir gemeinsam zu Ausstellungen in &hellip; <a href=\"https:\/\/gamestaff.de\/?page_id=63\" class=\"more-link\">Continue reading<span class=\"screen-reader-text\"> &#8222;in Memory&#8220;<\/span><\/a><\/p>\n","protected":false},"author":1,"featured_media":0,"parent":0,"menu_order":1,"comment_status":"closed","ping_status":"closed","template":"","meta":{"footnotes":""},"class_list":["post-63","page","type-page","status-publish","hentry"],"_links":{"self":[{"href":"https:\/\/gamestaff.de\/index.php?rest_route=\/wp\/v2\/pages\/63","targetHints":{"allow":["GET"]}}],"collection":[{"href":"https:\/\/gamestaff.de\/index.php?rest_route=\/wp\/v2\/pages"}],"about":[{"href":"https:\/\/gamestaff.de\/index.php?rest_route=\/wp\/v2\/types\/page"}],"author":[{"embeddable":true,"href":"https:\/\/gamestaff.de\/index.php?rest_route=\/wp\/v2\/users\/1"}],"replies":[{"embeddable":true,"href":"https:\/\/gamestaff.de\/index.php?rest_route=%2Fwp%2Fv2%2Fcomments&post=63"}],"version-history":[{"count":2,"href":"https:\/\/gamestaff.de\/index.php?rest_route=\/wp\/v2\/pages\/63\/revisions"}],"predecessor-version":[{"id":457,"href":"https:\/\/gamestaff.de\/index.php?rest_route=\/wp\/v2\/pages\/63\/revisions\/457"}],"wp:attachment":[{"href":"https:\/\/gamestaff.de\/index.php?rest_route=%2Fwp%2Fv2%2Fmedia&parent=63"}],"curies":[{"name":"wp","href":"https:\/\/api.w.org\/{rel}","templated":true}]}}